{"id":1337,"date":"2025-06-09T12:55:44","date_gmt":"2025-06-09T09:25:44","guid":{"rendered":"https:\/\/trustgrains.com\/urunler\/kirilmis-misir\/"},"modified":"2025-06-09T12:55:44","modified_gmt":"2025-06-09T09:25:44","slug":"kirilmis-misir","status":"publish","type":"page","link":"https:\/\/trustgrains.com\/tr\/urunler\/kirilmis-misir\/","title":{"rendered":"K\u0131r\u0131lm\u0131\u015f M\u0131s\u0131r"},"content":{"rendered":"","protected":false},"excerpt":{"rendered":"","protected":false},"author":1,"featured_media":0,"parent":1333,"menu_order":0,"comment_status":"closed","ping_status":"closed","template":"","meta":{"footnotes":""},"class_list":["post-1337","page","type-page","status-publish","hentry"],"_links":{"self":[{"href":"https:\/\/trustgrains.com\/tr\/wp-json\/wp\/v2\/pages\/1337","targetHints":{"allow":["GET"]}}],"collection":[{"href":"https:\/\/trustgrains.com\/tr\/wp-json\/wp\/v2\/pages"}],"about":[{"href":"https:\/\/trustgrains.com\/tr\/wp-json\/wp\/v2\/types\/page"}],"author":[{"embeddable":true,"href":"https:\/\/trustgrains.com\/tr\/wp-json\/wp\/v2\/users\/1"}],"replies":[{"embeddable":true,"href":"https:\/\/trustgrains.com\/tr\/wp-json\/wp\/v2\/comments?post=1337"}],"version-history":[{"count":0,"href":"https:\/\/trustgrains.com\/tr\/wp-json\/wp\/v2\/pages\/1337\/revisions"}],"up":[{"embeddable":true,"href":"https:\/\/trustgrains.com\/tr\/wp-json\/wp\/v2\/pages\/1333"}],"wp:attachment":[{"href":"https:\/\/trustgrains.com\/tr\/wp-json\/wp\/v2\/media?parent=1337"}],"curies":[{"name":"wp","href":"https:\/\/api.w.org\/{rel}","templated":true}]}}